{"id":1123,"date":"2025-02-10T17:04:02","date_gmt":"2025-02-10T17:04:02","guid":{"rendered":"https:\/\/carolaperezsala.com\/?page_id=1123"},"modified":"2025-02-12T19:44:58","modified_gmt":"2025-02-12T19:44:58","slug":"legal-notices-and-privacy-policy","status":"publish","type":"page","link":"https:\/\/carolaperezsala.com\/en\/legal-notices-and-privacy-policy\/","title":{"rendered":"Avisos legales y pol\u00edtica de privacidad"},"content":{"rendered":"<style>.elementor-1123 .elementor-element.elementor-element-b19b10f{--display:flex;--flex-direction:column;--container-widget-width:100%;--container-widget-height:initial;--container-widget-flex-grow:0;--container-widget-align-self:initial;--flex-wrap-mobile:wrap;--padding-top:100px;--padding-bottom:50px;--padding-left:0px;--padding-right:0px;--z-index:9;}.elementor-1123 .elementor-element.elementor-element-b19b10f:not(.elementor-motion-effects-element-type-background), .elementor-1123 .elementor-element.elementor-element-b19b10f > .elementor-motion-effects-container > .elementor-motion-effects-layer{background-color:var( --e-global-color-c38b94d );}.elementor-1123 .elementor-element.elementor-element-ab83917{z-index:9;}body.elementor-page-1123:not(.elementor-motion-effects-element-type-background), body.elementor-page-1123 > .elementor-motion-effects-container > .elementor-motion-effects-layer{background-color:var( --e-global-color-c38b94d );}:root{--page-title-display:none;}@media(max-width:1024px){.elementor-1123 .elementor-element.elementor-element-b19b10f{--padding-top:20px;--padding-bottom:20px;--padding-left:20px;--padding-right:20px;}}<\/style>\t\t<div data-elementor-type=\"wp-page\" data-elementor-id=\"1123\" class=\"elementor elementor-1123\" data-elementor-settings=\"{&quot;ha_cmc_init_switcher&quot;:&quot;no&quot;}\" data-elementor-post-type=\"page\">\n\t\t\t\t<div class=\"elementor-element elementor-element-b19b10f e-flex e-con-boxed e-con e-parent\" data-id=\"b19b10f\" data-element_type=\"container\" data-settings=\"{&quot;background_background&quot;:&quot;classic&quot;,&quot;_ha_eqh_enable&quot;:false}\">\n\t\t\t\t\t<div class=\"e-con-inner\">\n\t\t\t\t<div class=\"elementor-element elementor-element-ab83917 elementor-widget elementor-widget-text-editor\" data-id=\"ab83917\" data-element_type=\"widget\" data-widget_type=\"text-editor.default\">\n\t\t\t\t<div class=\"elementor-widget-container\">\n\t\t\t\t\t\t\t\t\t<h3 data-pm-slice=\"1 1 []\"><strong>Pol\u00edtica de Privacidad y Avisos Legales<\/strong><\/h3><p><strong>1. INFORMACI\u00d3N GENERAL<\/strong> Este sitio web (en adelante, &#8220;el Sitio&#8221;) es operado por Carola Per\u00e9z Sala, con domicilio en Argentina y correo electr\u00f3nico de contacto <a href=\"mailto:hola@carolaperezsala.com\"><span style=\"font-weight: 400;\">hola@carolaperezsala.com<\/span><\/a>.<\/p><p>El acceso y uso del Sitio est\u00e1 sujeto a los presentes t\u00e9rminos y condiciones, as\u00ed como a las leyes aplicables. Al utilizar el Sitio, usted acepta estos t\u00e9rminos.<\/p><div><strong>2. PROTECCI\u00d3N DE DATOS PERSONALES<\/strong><\/div><p>De conformidad con la normativa vigente en materia de protecci\u00f3n de datos personales, garantizamos la confidencialidad y seguridad de la informaci\u00f3n proporcionada por los usuarios. Los datos personales recabados ser\u00e1n tratados con la finalidad de prestar nuestros servicios de coaching y enviar informaci\u00f3n relacionada.<\/p><p><strong>2.1. Datos Recopilados<\/strong> Podemos recopilar los siguientes datos personales:<\/p><ul data-spread=\"false\"><li><p>Nombre y apellidos<\/p><\/li><li><p>Correo electr\u00f3nico<\/p><\/li><li><p>N\u00famero de tel\u00e9fono<\/p><\/li><li><p>Informaci\u00f3n relevante para la prestaci\u00f3n del servicio de coaching<\/p><\/li><\/ul><p><strong>2.2. Finalidad del Tratamiento<\/strong> Los datos recopilados ser\u00e1n utilizados para:<\/p><ul data-spread=\"false\"><li><p>Gestionar la relaci\u00f3n con nuestros clientes y potenciales clientes.<\/p><\/li><li><p>Responder consultas y brindar informaci\u00f3n sobre nuestros servicios.<\/p><\/li><li><p>Enviar boletines informativos, promociones y eventos, siempre con el consentimiento del usuario.<\/p><\/li><\/ul><p><strong>2.3. Derechos del Usuario<\/strong> Usted puede ejercer sus derechos de acceso, rectificaci\u00f3n, cancelaci\u00f3n y oposici\u00f3n mediante solicitud escrita a nuestro correo electr\u00f3nico [Email de contacto].<\/p><div><strong>3. USO DE COOKIES<\/strong><\/div><p>Este Sitio utiliza cookies para mejorar la experiencia del usuario. Las cookies son peque\u00f1os archivos almacenados en su navegador y pueden ser deshabilitadas desde la configuraci\u00f3n del mismo.<\/p><div><strong>4. PROPIEDAD INTELECTUAL<\/strong><\/div><p>Todos los contenidos del Sitio, incluidos textos, im\u00e1genes, logotipos y dise\u00f1o web, est\u00e1n protegidos por derechos de propiedad intelectual y no pueden ser reproducidos sin autorizaci\u00f3n expresa de Carola Pr\u00e9z Sala.<\/p><div><strong>5. RESPONSABILIDAD<\/strong><\/div><p>Carola Pr\u00e9z Sala no se hace responsable por el uso inadecuado de la informaci\u00f3n proporcionada en el Sitio ni por eventuales da\u00f1os derivados de la utilizaci\u00f3n de sus contenidos. As\u00ed mismo, nos reservamos el derecho de modificar, actualizar o eliminar contenidos sin previo aviso.<\/p><div><strong>6. MODIFICACIONES A ESTA POL\u00cdTICA<\/strong><\/div><p>Nos reservamos el derecho de actualizar esta Pol\u00edtica de Privacidad y Avisos Legales en cualquier momento. Se recomienda revisar esta p\u00e1gina peri\u00f3dicamente.<\/p><div>Si tiene alguna pregunta sobre nuestra Pol\u00edtica de Privacidad y Avisos Legales, puede contactarnos en <a href=\"mailto:hola@carolaperezsala.com\"><span style=\"font-weight: 400;\">hola@carolaperezsala.com<\/span><\/a><\/div>\t\t\t\t\t\t\t\t<\/div>\n\t\t\t\t<\/div>\n\t\t\t\t\t<\/div>\n\t\t\t\t<\/div>\n\t\t\t\t<\/div>","protected":false},"excerpt":{"rendered":"<p>Pol\u00edtica de Privacidad y Avisos Legales 1. INFORMACI\u00d3N GENERAL Este sitio web (en adelante, &#8220;el Sitio&#8221;) es operado por Carola [&hellip;]<\/p>","protected":false},"author":2,"featured_media":200,"parent":0,"menu_order":9,"comment_status":"closed","ping_status":"closed","template":"","meta":{"site-sidebar-layout":"no-sidebar","site-content-layout":"","ast-site-content-layout":"full-width-container","site-content-style":"default","site-sidebar-style":"default","ast-global-header-display":"","ast-banner-title-visibility":"","ast-main-header-display":"","ast-hfb-above-header-display":"","ast-hfb-below-header-display":"","ast-hfb-mobile-header-display":"","site-post-title":"disabled","ast-breadcrumbs-content":"","ast-featured-img":"disabled","footer-sml-layout":"","theme-transparent-header-meta":"","adv-header-id-meta":"","stick-header-meta":"","header-above-stick-meta":"","header-main-stick-meta":"","header-below-stick-meta":"","astra-migrate-meta-layouts":"default","ast-page-background-enabled":"default","ast-page-background-meta":{"desktop":{"background-color":"var(--ast-global-color-5)","background-image":"","background-repeat":"repeat","background-position":"center center","background-size":"auto","background-attachment":"scroll","background-type":"","background-media":"","overlay-type":"","overlay-color":"","overlay-opacity":"","overlay-gradient":""},"tablet":{"background-color":"","background-image":"","background-repeat":"repeat","background-position":"center center","background-size":"auto","background-attachment":"scroll","background-type":"","background-media":"","overlay-type":"","overlay-color":"","overlay-opacity":"","overlay-gradient":""},"mobile":{"background-color":"","background-image":"","background-repeat":"repeat","background-position":"center center","background-size":"auto","background-attachment":"scroll","background-type":"","background-media":"","overlay-type":"","overlay-color":"","overlay-opacity":"","overlay-gradient":""}},"ast-content-background-meta":{"desktop":{"background-color":"var(--ast-global-color-4)","background-image":"","background-repeat":"repeat","background-position":"center center","background-size":"auto","background-attachment":"scroll","background-type":"","background-media":"","overlay-type":"","overlay-color":"","overlay-opacity":"","overlay-gradient":""},"tablet":{"background-color":"var(--ast-global-color-4)","background-image":"","background-repeat":"repeat","background-position":"center center","background-size":"auto","background-attachment":"scroll","background-type":"","background-media":"","overlay-type":"","overlay-color":"","overlay-opacity":"","overlay-gradient":""},"mobile":{"background-color":"var(--ast-global-color-4)","background-image":"","background-repeat":"repeat","background-position":"center center","background-size":"auto","background-attachment":"scroll","background-type":"","background-media":"","overlay-type":"","overlay-color":"","overlay-opacity":"","overlay-gradient":""}},"footnotes":""},"class_list":["post-1123","page","type-page","status-publish","has-post-thumbnail","hentry"],"yoast_head":"<!-- This site is optimized with the Yoast SEO plugin v25.6 - https:\/\/yoast.com\/wordpress\/plugins\/seo\/ -->\n<title>Avisos legales y pol\u00edtica de privacidad - Carola Per\u00e9z Sala<\/title>\n<meta name=\"description\" content=\"Avisos legales para el uso de contenido de mi web\" \/>\n<meta name=\"robots\" content=\"index, follow, max-snippet:-1, max-image-preview:large, max-video-preview:-1\" \/>\n<link rel=\"canonical\" href=\"https:\/\/carolaperezsala.com\/en\/legal-notices-and-privacy-policy\/\" \/>\n<meta property=\"og:locale\" content=\"en_US\" \/>\n<meta property=\"og:type\" content=\"article\" \/>\n<meta property=\"og:title\" content=\"Avisos legales y pol\u00edtica de privacidad - Carola Per\u00e9z Sala\" \/>\n<meta property=\"og:description\" content=\"Avisos legales para el uso de contenido de mi web\" \/>\n<meta property=\"og:url\" content=\"https:\/\/carolaperezsala.com\/en\/legal-notices-and-privacy-policy\/\" \/>\n<meta property=\"og:site_name\" content=\"Carola Per\u00e9z Sala\" \/>\n<meta property=\"article:modified_time\" content=\"2025-02-12T19:44:58+00:00\" \/>\n<meta property=\"og:image\" content=\"https:\/\/carolaperezsala.com\/wp-content\/uploads\/2025\/01\/Carola-46.webp\" \/>\n\t<meta property=\"og:image:width\" content=\"1365\" \/>\n\t<meta property=\"og:image:height\" content=\"2048\" \/>\n\t<meta property=\"og:image:type\" content=\"image\/webp\" \/>\n<meta name=\"twitter:card\" content=\"summary_large_image\" \/>\n<meta name=\"twitter:label1\" content=\"Est. reading time\" \/>\n\t<meta name=\"twitter:data1\" content=\"2 minutes\" \/>\n<script type=\"application\/ld+json\" class=\"yoast-schema-graph\">{\"@context\":\"https:\/\/schema.org\",\"@graph\":[{\"@type\":\"WebPage\",\"@id\":\"https:\/\/carolaperezsala.com\/avisos-legales-y-politica-de-privacidad\/\",\"url\":\"https:\/\/carolaperezsala.com\/avisos-legales-y-politica-de-privacidad\/\",\"name\":\"Avisos legales y pol\u00edtica de privacidad - Carola Per\u00e9z Sala\",\"isPartOf\":{\"@id\":\"https:\/\/carolaperezsala.com\/#website\"},\"primaryImageOfPage\":{\"@id\":\"https:\/\/carolaperezsala.com\/avisos-legales-y-politica-de-privacidad\/#primaryimage\"},\"image\":{\"@id\":\"https:\/\/carolaperezsala.com\/avisos-legales-y-politica-de-privacidad\/#primaryimage\"},\"thumbnailUrl\":\"https:\/\/carolaperezsala.com\/wp-content\/uploads\/2025\/01\/Carola-46.webp\",\"datePublished\":\"2025-02-10T17:04:02+00:00\",\"dateModified\":\"2025-02-12T19:44:58+00:00\",\"description\":\"Avisos legales para el uso de contenido de mi web\",\"breadcrumb\":{\"@id\":\"https:\/\/carolaperezsala.com\/avisos-legales-y-politica-de-privacidad\/#breadcrumb\"},\"inLanguage\":\"en-US\",\"potentialAction\":[{\"@type\":\"ReadAction\",\"target\":[\"https:\/\/carolaperezsala.com\/avisos-legales-y-politica-de-privacidad\/\"]}]},{\"@type\":\"ImageObject\",\"inLanguage\":\"en-US\",\"@id\":\"https:\/\/carolaperezsala.com\/avisos-legales-y-politica-de-privacidad\/#primaryimage\",\"url\":\"https:\/\/carolaperezsala.com\/wp-content\/uploads\/2025\/01\/Carola-46.webp\",\"contentUrl\":\"https:\/\/carolaperezsala.com\/wp-content\/uploads\/2025\/01\/Carola-46.webp\",\"width\":1365,\"height\":2048},{\"@type\":\"BreadcrumbList\",\"@id\":\"https:\/\/carolaperezsala.com\/avisos-legales-y-politica-de-privacidad\/#breadcrumb\",\"itemListElement\":[{\"@type\":\"ListItem\",\"position\":1,\"name\":\"Inicio\",\"item\":\"https:\/\/carolaperezsala.com\/\"},{\"@type\":\"ListItem\",\"position\":2,\"name\":\"Avisos legales y pol\u00edtica de privacidad\"}]},{\"@type\":\"WebSite\",\"@id\":\"https:\/\/carolaperezsala.com\/#website\",\"url\":\"https:\/\/carolaperezsala.com\/\",\"name\":\"Carola Per\u00e9z Sala\",\"description\":\"Mi pasi\u00f3n es acompa\u00f1ar a moldear y re-direccionar culturas corporativas. Instalo comportamientos de \u201cliderazgo trascendente\u201d en el ADN de las organizaciones para impulsar el rendimiento empresarial\",\"publisher\":{\"@id\":\"https:\/\/carolaperezsala.com\/#organization\"},\"potentialAction\":[{\"@type\":\"SearchAction\",\"target\":{\"@type\":\"EntryPoint\",\"urlTemplate\":\"https:\/\/carolaperezsala.com\/?s={search_term_string}\"},\"query-input\":{\"@type\":\"PropertyValueSpecification\",\"valueRequired\":true,\"valueName\":\"search_term_string\"}}],\"inLanguage\":\"en-US\"},{\"@type\":\"Organization\",\"@id\":\"https:\/\/carolaperezsala.com\/#organization\",\"name\":\"Carola Per\u00e9z Sala\",\"url\":\"https:\/\/carolaperezsala.com\/\",\"logo\":{\"@type\":\"ImageObject\",\"inLanguage\":\"en-US\",\"@id\":\"https:\/\/carolaperezsala.com\/#\/schema\/logo\/image\/\",\"url\":\"https:\/\/carolaperezsala.com\/wp-content\/uploads\/2025\/01\/19-e1738954221296.webp\",\"contentUrl\":\"https:\/\/carolaperezsala.com\/wp-content\/uploads\/2025\/01\/19-e1738954221296.webp\",\"width\":568,\"height\":312,\"caption\":\"Carola Per\u00e9z Sala\"},\"image\":{\"@id\":\"https:\/\/carolaperezsala.com\/#\/schema\/logo\/image\/\"}}]}<\/script>\n<!-- \/ Yoast SEO plugin. -->","yoast_head_json":{"title":"Avisos legales y pol\u00edtica de privacidad - Carola Per\u00e9z Sala","description":"Avisos legales para el uso de contenido de mi web","robots":{"index":"index","follow":"follow","max-snippet":"max-snippet:-1","max-image-preview":"max-image-preview:large","max-video-preview":"max-video-preview:-1"},"canonical":"https:\/\/carolaperezsala.com\/en\/legal-notices-and-privacy-policy\/","og_locale":"en_US","og_type":"article","og_title":"Avisos legales y pol\u00edtica de privacidad - Carola Per\u00e9z Sala","og_description":"Avisos legales para el uso de contenido de mi web","og_url":"https:\/\/carolaperezsala.com\/en\/legal-notices-and-privacy-policy\/","og_site_name":"Carola Per\u00e9z Sala","article_modified_time":"2025-02-12T19:44:58+00:00","og_image":[{"width":1365,"height":2048,"url":"https:\/\/carolaperezsala.com\/wp-content\/uploads\/2025\/01\/Carola-46.webp","type":"image\/webp"}],"twitter_card":"summary_large_image","twitter_misc":{"Est. reading time":"2 minutes"},"schema":{"@context":"https:\/\/schema.org","@graph":[{"@type":"WebPage","@id":"https:\/\/carolaperezsala.com\/avisos-legales-y-politica-de-privacidad\/","url":"https:\/\/carolaperezsala.com\/avisos-legales-y-politica-de-privacidad\/","name":"Avisos legales y pol\u00edtica de privacidad - Carola Per\u00e9z Sala","isPartOf":{"@id":"https:\/\/carolaperezsala.com\/#website"},"primaryImageOfPage":{"@id":"https:\/\/carolaperezsala.com\/avisos-legales-y-politica-de-privacidad\/#primaryimage"},"image":{"@id":"https:\/\/carolaperezsala.com\/avisos-legales-y-politica-de-privacidad\/#primaryimage"},"thumbnailUrl":"https:\/\/carolaperezsala.com\/wp-content\/uploads\/2025\/01\/Carola-46.webp","datePublished":"2025-02-10T17:04:02+00:00","dateModified":"2025-02-12T19:44:58+00:00","description":"Avisos legales para el uso de contenido de mi web","breadcrumb":{"@id":"https:\/\/carolaperezsala.com\/avisos-legales-y-politica-de-privacidad\/#breadcrumb"},"inLanguage":"en-US","potentialAction":[{"@type":"ReadAction","target":["https:\/\/carolaperezsala.com\/avisos-legales-y-politica-de-privacidad\/"]}]},{"@type":"ImageObject","inLanguage":"en-US","@id":"https:\/\/carolaperezsala.com\/avisos-legales-y-politica-de-privacidad\/#primaryimage","url":"https:\/\/carolaperezsala.com\/wp-content\/uploads\/2025\/01\/Carola-46.webp","contentUrl":"https:\/\/carolaperezsala.com\/wp-content\/uploads\/2025\/01\/Carola-46.webp","width":1365,"height":2048},{"@type":"BreadcrumbList","@id":"https:\/\/carolaperezsala.com\/avisos-legales-y-politica-de-privacidad\/#breadcrumb","itemListElement":[{"@type":"ListItem","position":1,"name":"Inicio","item":"https:\/\/carolaperezsala.com\/"},{"@type":"ListItem","position":2,"name":"Avisos legales y pol\u00edtica de privacidad"}]},{"@type":"WebSite","@id":"https:\/\/carolaperezsala.com\/#website","url":"https:\/\/carolaperezsala.com\/","name":"Carola Per\u00e9z Sala","description":"Mi pasi\u00f3n es acompa\u00f1ar a moldear y re-direccionar culturas corporativas. Instalo comportamientos de \u201cliderazgo trascendente\u201d en el ADN de las organizaciones para impulsar el rendimiento empresarial","publisher":{"@id":"https:\/\/carolaperezsala.com\/#organization"},"potentialAction":[{"@type":"SearchAction","target":{"@type":"EntryPoint","urlTemplate":"https:\/\/carolaperezsala.com\/?s={search_term_string}"},"query-input":{"@type":"PropertyValueSpecification","valueRequired":true,"valueName":"search_term_string"}}],"inLanguage":"en-US"},{"@type":"Organization","@id":"https:\/\/carolaperezsala.com\/#organization","name":"Carola Per\u00e9z Sala","url":"https:\/\/carolaperezsala.com\/","logo":{"@type":"ImageObject","inLanguage":"en-US","@id":"https:\/\/carolaperezsala.com\/#\/schema\/logo\/image\/","url":"https:\/\/carolaperezsala.com\/wp-content\/uploads\/2025\/01\/19-e1738954221296.webp","contentUrl":"https:\/\/carolaperezsala.com\/wp-content\/uploads\/2025\/01\/19-e1738954221296.webp","width":568,"height":312,"caption":"Carola Per\u00e9z Sala"},"image":{"@id":"https:\/\/carolaperezsala.com\/#\/schema\/logo\/image\/"}}]}},"_links":{"self":[{"href":"https:\/\/carolaperezsala.com\/en\/wp-json\/wp\/v2\/pages\/1123","targetHints":{"allow":["GET"]}}],"collection":[{"href":"https:\/\/carolaperezsala.com\/en\/wp-json\/wp\/v2\/pages"}],"about":[{"href":"https:\/\/carolaperezsala.com\/en\/wp-json\/wp\/v2\/types\/page"}],"author":[{"embeddable":true,"href":"https:\/\/carolaperezsala.com\/en\/wp-json\/wp\/v2\/users\/2"}],"replies":[{"embeddable":true,"href":"https:\/\/carolaperezsala.com\/en\/wp-json\/wp\/v2\/comments?post=1123"}],"version-history":[{"count":1,"href":"https:\/\/carolaperezsala.com\/en\/wp-json\/wp\/v2\/pages\/1123\/revisions"}],"predecessor-version":[{"id":1349,"href":"https:\/\/carolaperezsala.com\/en\/wp-json\/wp\/v2\/pages\/1123\/revisions\/1349"}],"wp:featuredmedia":[{"embeddable":true,"href":"https:\/\/carolaperezsala.com\/en\/wp-json\/wp\/v2\/media\/200"}],"wp:attachment":[{"href":"https:\/\/carolaperezsala.com\/en\/wp-json\/wp\/v2\/media?parent=1123"}],"curies":[{"name":"wp","href":"https:\/\/api.w.org\/{rel}","templated":true}]}}